{"id":37,"date":"2019-09-22T20:15:01","date_gmt":"2019-09-22T18:15:01","guid":{"rendered":"http:\/\/paularuizaramburu.xyz\/?page_id=37"},"modified":"2022-12-25T23:33:11","modified_gmt":"2022-12-25T22:33:11","slug":"bio","status":"publish","type":"page","link":"https:\/\/paularuizaramburu.xyz\/?page_id=37","title":{"rendered":"ABOUT ME"},"content":{"rendered":"\t\t<div data-elementor-type=\"wp-page\" data-elementor-id=\"37\" class=\"elementor elementor-37\">\n\t\t\t\t\t\t<section class=\"elementor-section elementor-top-section elementor-element elementor-element-790ea72 elementor-section-full_width elementor-section-content-middle elementor-section-stretched elementor-section-height-default elementor-section-height-default\" data-id=\"790ea72\" data-element_type=\"section\" data-settings=\"{&quot;stretch_section&quot;:&quot;section-stretched&quot;}\">\n\t\t\t\t\t\t<div class=\"elementor-container elementor-column-gap-default\">\n\t\t\t\t\t<div class=\"elementor-column elementor-col-16 elementor-top-column elementor-element elementor-element-af08987\" data-id=\"af08987\" data-element_type=\"column\">\n\t\t\t<div class=\"elementor-widget-wrap elementor-element-populated\">\n\t\t\t\t\t\t<div class=\"elementor-element elementor-element-b5dedb9 elementor-invisible elementor-widget elementor-widget-image\" data-id=\"b5dedb9\" data-element_type=\"widget\" data-settings=\"{&quot;_animation&quot;:&quot;fadeIn&quot;}\" data-widget_type=\"image.default\">\n\t\t\t\t<div class=\"elementor-widget-container\">\n\t\t\t\t\t\t\t\t\t\t\t\t\t\t<a href=\"http:\/\/paularuizaramburu.xyz\/\">\n\t\t\t\t\t\t\t<img fetchpriority=\"high\" decoding=\"async\" width=\"1920\" height=\"1080\" src=\"https:\/\/paularuizaramburu.xyz\/wp-content\/uploads\/2019\/09\/LOGOWEB-1.png\" class=\"attachment-full size-full wp-image-492\" alt=\"\" \/>\t\t\t\t\t\t\t\t<\/a>\n\t\t\t\t\t\t\t\t\t\t\t\t\t<\/div>\n\t\t\t\t<\/div>\n\t\t\t\t\t<\/div>\n\t\t<\/div>\n\t\t\t\t<div class=\"elementor-column elementor-col-16 elementor-top-column elementor-element elementor-element-4bd363c\" data-id=\"4bd363c\" data-element_type=\"column\">\n\t\t\t<div class=\"elementor-widget-wrap\">\n\t\t\t\t\t\t\t<\/div>\n\t\t<\/div>\n\t\t\t\t<div class=\"elementor-column elementor-col-16 elementor-top-column elementor-element elementor-element-886c922\" data-id=\"886c922\" data-element_type=\"column\">\n\t\t\t<div class=\"elementor-widget-wrap elementor-element-populated\">\n\t\t\t\t\t\t<div class=\"elementor-element elementor-element-2f74d5f elementor-align-center elementor-mobile-align-center elementor-widget elementor-widget-button\" data-id=\"2f74d5f\" data-element_type=\"widget\" data-widget_type=\"button.default\">\n\t\t\t\t<div class=\"elementor-widget-container\">\n\t\t\t\t\t<div class=\"elementor-button-wrapper\">\n\t\t\t<a class=\"elementor-button elementor-button-link elementor-size-xs\" href=\"http:\/\/paularuizaramburu.xyz\/?page_id=35\">\n\t\t\t\t\t\t<span class=\"elementor-button-content-wrapper\">\n\t\t\t\t\t\t<span class=\"elementor-button-text\">PROJECTS<\/span>\n\t\t<\/span>\n\t\t\t\t\t<\/a>\n\t\t<\/div>\n\t\t\t\t<\/div>\n\t\t\t\t<\/div>\n\t\t\t\t\t<\/div>\n\t\t<\/div>\n\t\t\t\t<div class=\"elementor-column elementor-col-16 elementor-top-column elementor-element elementor-element-7f40e78\" data-id=\"7f40e78\" data-element_type=\"column\">\n\t\t\t<div class=\"elementor-widget-wrap elementor-element-populated\">\n\t\t\t\t\t\t<div class=\"elementor-element elementor-element-da7b8af elementor-align-center elementor-widget elementor-widget-button\" data-id=\"da7b8af\" data-element_type=\"widget\" data-widget_type=\"button.default\">\n\t\t\t\t<div class=\"elementor-widget-container\">\n\t\t\t\t\t<div class=\"elementor-button-wrapper\">\n\t\t\t<a class=\"elementor-button elementor-button-link elementor-size-xs\" href=\"http:\/\/paularuizaramburu.xyz\/?page_id=69\">\n\t\t\t\t\t\t<span class=\"elementor-button-content-wrapper\">\n\t\t\t\t\t\t<span class=\"elementor-button-text\">PORTRAIT<\/span>\n\t\t<\/span>\n\t\t\t\t\t<\/a>\n\t\t<\/div>\n\t\t\t\t<\/div>\n\t\t\t\t<\/div>\n\t\t\t\t\t<\/div>\n\t\t<\/div>\n\t\t\t\t<div class=\"elementor-column elementor-col-16 elementor-top-column elementor-element elementor-element-d834ed2\" data-id=\"d834ed2\" data-element_type=\"column\">\n\t\t\t<div class=\"elementor-widget-wrap elementor-element-populated\">\n\t\t\t\t\t\t<div class=\"elementor-element elementor-element-b7f8f0c elementor-align-center elementor-widget elementor-widget-button\" data-id=\"b7f8f0c\" data-element_type=\"widget\" data-widget_type=\"button.default\">\n\t\t\t\t<div class=\"elementor-widget-container\">\n\t\t\t\t\t<div class=\"elementor-button-wrapper\">\n\t\t\t<a class=\"elementor-button elementor-button-link elementor-size-xs\" href=\"http:\/\/paularuizaramburu.xyz\/?page_id=37\">\n\t\t\t\t\t\t<span class=\"elementor-button-content-wrapper\">\n\t\t\t\t\t\t<span class=\"elementor-button-text\">ABOUT ME<\/span>\n\t\t<\/span>\n\t\t\t\t\t<\/a>\n\t\t<\/div>\n\t\t\t\t<\/div>\n\t\t\t\t<\/div>\n\t\t\t\t\t<\/div>\n\t\t<\/div>\n\t\t\t\t<div class=\"elementor-column elementor-col-16 elementor-top-column elementor-element elementor-element-31270b2\" data-id=\"31270b2\" data-element_type=\"column\">\n\t\t\t<div class=\"elementor-widget-wrap elementor-element-populated\">\n\t\t\t\t\t\t<div class=\"elementor-element elementor-element-933393a elementor-align-center elementor-widget elementor-widget-button\" data-id=\"933393a\" data-element_type=\"widget\" data-widget_type=\"button.default\">\n\t\t\t\t<div class=\"elementor-widget-container\">\n\t\t\t\t\t<div class=\"elementor-button-wrapper\">\n\t\t\t<a class=\"elementor-button elementor-button-link elementor-size-xs\" href=\"http:\/\/paularuizaramburu.xyz\/?page_id=38\">\n\t\t\t\t\t\t<span class=\"elementor-button-content-wrapper\">\n\t\t\t\t\t\t<span class=\"elementor-button-text\">CONTACT<\/span>\n\t\t<\/span>\n\t\t\t\t\t<\/a>\n\t\t<\/div>\n\t\t\t\t<\/div>\n\t\t\t\t<\/div>\n\t\t\t\t\t<\/div>\n\t\t<\/div>\n\t\t\t\t\t<\/div>\n\t\t<\/section>\n\t\t\t\t<section class=\"elementor-section elementor-top-section elementor-element elementor-element-d97ddad elementor-section-boxed elementor-section-height-default elementor-section-height-default\" data-id=\"d97ddad\" data-element_type=\"section\">\n\t\t\t\t\t\t<div class=\"elementor-container elementor-column-gap-default\">\n\t\t\t\t\t<div class=\"elementor-column elementor-col-100 elementor-top-column elementor-element elementor-element-424837a\" data-id=\"424837a\" data-element_type=\"column\">\n\t\t\t<div class=\"elementor-widget-wrap elementor-element-populated\">\n\t\t\t\t\t\t<div class=\"elementor-element elementor-element-e13efef elementor-widget elementor-widget-spacer\" data-id=\"e13efef\" data-element_type=\"widget\" data-widget_type=\"spacer.default\">\n\t\t\t\t<div class=\"elementor-widget-container\">\n\t\t\t\t\t<div class=\"elementor-spacer\">\n\t\t\t<div class=\"elementor-spacer-inner\"><\/div>\n\t\t<\/div>\n\t\t\t\t<\/div>\n\t\t\t\t<\/div>\n\t\t\t\t\t<\/div>\n\t\t<\/div>\n\t\t\t\t\t<\/div>\n\t\t<\/section>\n\t\t\t\t<section class=\"elementor-section elementor-top-section elementor-element elementor-element-3c51c3b elementor-section-boxed elementor-section-height-default elementor-section-height-default\" data-id=\"3c51c3b\" data-element_type=\"section\">\n\t\t\t\t\t\t<div class=\"elementor-container elementor-column-gap-default\">\n\t\t\t\t\t<div class=\"elementor-column elementor-col-50 elementor-top-column elementor-element elementor-element-1445c4d\" data-id=\"1445c4d\" data-element_type=\"column\">\n\t\t\t<div class=\"elementor-widget-wrap elementor-element-populated\">\n\t\t\t\t\t\t<div class=\"elementor-element elementor-element-996f9a3 elementor-widget elementor-widget-image\" data-id=\"996f9a3\" data-element_type=\"widget\" data-widget_type=\"image.default\">\n\t\t\t\t<div class=\"elementor-widget-container\">\n\t\t\t\t\t\t\t\t\t\t\t\t\t<img decoding=\"async\" width=\"759\" height=\"1024\" src=\"https:\/\/paularuizaramburu.xyz\/wp-content\/uploads\/2019\/09\/MG_1107-2-759x1024.jpg\" class=\"attachment-large size-large wp-image-293\" alt=\"\" srcset=\"https:\/\/paularuizaramburu.xyz\/wp-content\/uploads\/2019\/09\/MG_1107-2-759x1024.jpg 759w, https:\/\/paularuizaramburu.xyz\/wp-content\/uploads\/2019\/09\/MG_1107-2-222x300.jpg 222w, https:\/\/paularuizaramburu.xyz\/wp-content\/uploads\/2019\/09\/MG_1107-2-768x1037.jpg 768w, https:\/\/paularuizaramburu.xyz\/wp-content\/uploads\/2019\/09\/MG_1107-2.jpg 800w\" sizes=\"(max-width: 759px) 100vw, 759px\" \/>\t\t\t\t\t\t\t\t\t\t\t\t\t<\/div>\n\t\t\t\t<\/div>\n\t\t\t\t\t<\/div>\n\t\t<\/div>\n\t\t\t\t<div class=\"elementor-column elementor-col-50 elementor-top-column elementor-element elementor-element-987f462\" data-id=\"987f462\" data-element_type=\"column\">\n\t\t\t<div class=\"elementor-widget-wrap elementor-element-populated\">\n\t\t\t\t\t\t<div class=\"elementor-element elementor-element-94feab7 elementor-widget elementor-widget-text-editor\" data-id=\"94feab7\" data-element_type=\"widget\" data-widget_type=\"text-editor.default\">\n\t\t\t\t<div class=\"elementor-widget-container\">\n\t\t\t\t\t\t\t<p>Paula nace en una ciudad industrial al sur de Espa\u00f1a, Huelva, y crece en un ambiente de gran actividad cultural, esto le hizo desarrollar un gran inter\u00e9s por todas las artes, en especial del cine y la pintura.<\/p><p class=\"font_7\">En su trabajo se puede ver referencias est\u00e9ticas y simb\u00f3licas a toda esa cultura visual. Con el blanco y negro y los altos contrastes persigue la crudeza de una escena. Se centra en el cuerpo humano, en la anatom\u00eda y como este contextualiza todo a nuestro alrededor, pasando por la arquitectura, el dise\u00f1o y la naturaleza.<\/p><p class=\"font_7\">Por otra parte experimenta con t\u00e9cnicas digitales en busca de una textura m\u00e1s sucia y et\u00e9rea, con montajes y colores virados con una est\u00e9tica underground de los 70 y los 80.<\/p><p>Desde hace unos a\u00f1os su vinculaci\u00f3n con Latitudes, Festival Internacional de Fotograf\u00eda ha provocado en ella un inter\u00e9s por la difusi\u00f3n de la fotograf\u00eda en todas sus vertientes como veh\u00edculo transformador.\u00a0<\/p><p><span lang=\"es\">Su trabajo es elegante y misterioso como una pel\u00edcula noir.<\/span><\/p><pre id=\"tw-target-text\" class=\"tw-data-text tw-text-large tw-ta\" dir=\"ltr\" data-placeholder=\"Traducci\u00f3n\">\u00a0<\/pre><p>Paula was born in an industrial city in southern Spain, Huelva, and grew up in an environment of great cultural activity, this made her develop a great interest in all the arts, especially cinema and painting.<\/p><p>In his work you can see aesthetic and symbolic references to all that visual culture. With black and white and high contrasts he pursues the harshness of a scene. It focuses on the human body, anatomy and how it contextualizes everything around us, including architecture, design and nature.<\/p><p>On the other hand, he experiments with digital techniques in search of a dirtier and more ethereal texture, with montages and twisted colors with an underground aesthetic of the 70s and 80s.<\/p><p>For some years now, her connection with Latitudes, the International Photography Festival, has provoked in her an interest in the dissemination of photography in all its aspects as a transforming vehicle.<\/p><p>His work is elegant and mysterious like a movie noir.<\/p>\t\t\t\t\t\t<\/div>\n\t\t\t\t<\/div>\n\t\t\t\t\t<\/div>\n\t\t<\/div>\n\t\t\t\t\t<\/div>\n\t\t<\/section>\n\t\t\t\t<section class=\"elementor-section elementor-top-section elementor-element elementor-element-7376969 elementor-section-stretched elementor-section-full_width elementor-section-height-default elementor-section-height-default\" data-id=\"7376969\" data-element_type=\"section\" data-settings=\"{&quot;stretch_section&quot;:&quot;section-stretched&quot;}\">\n\t\t\t\t\t\t<div class=\"elementor-container elementor-column-gap-default\">\n\t\t\t\t\t<div class=\"elementor-column elementor-col-100 elementor-top-column elementor-element elementor-element-f16caaf\" data-id=\"f16caaf\" data-element_type=\"column\">\n\t\t\t<div class=\"elementor-widget-wrap elementor-element-populated\">\n\t\t\t\t\t\t<div class=\"elementor-element elementor-element-19e5f33 elementor-widget elementor-widget-image\" data-id=\"19e5f33\" data-element_type=\"widget\" data-widget_type=\"image.default\">\n\t\t\t\t<div class=\"elementor-widget-container\">\n\t\t\t\t\t\t\t\t\t\t\t\t\t<img decoding=\"async\" width=\"700\" height=\"467\" src=\"https:\/\/paularuizaramburu.xyz\/wp-content\/uploads\/2019\/09\/family-1.jpg\" class=\"attachment-large size-large wp-image-295\" alt=\"\" srcset=\"https:\/\/paularuizaramburu.xyz\/wp-content\/uploads\/2019\/09\/family-1.jpg 700w, https:\/\/paularuizaramburu.xyz\/wp-content\/uploads\/2019\/09\/family-1-300x200.jpg 300w\" sizes=\"(max-width: 700px) 100vw, 700px\" \/>\t\t\t\t\t\t\t\t\t\t\t\t\t<\/div>\n\t\t\t\t<\/div>\n\t\t\t\t\t<\/div>\n\t\t<\/div>\n\t\t\t\t\t<\/div>\n\t\t<\/section>\n\t\t\t\t<\/div>\n\t\t","protected":false},"excerpt":{"rendered":"<p>PROJECTS PORTRAIT ABOUT ME CONTACT Paula nace en una ciudad industrial al sur de Espa\u00f1a, Huelva, y crece en un ambiente de gran actividad cultural, esto le hizo desarrollar un gran inter\u00e9s por todas las artes, en especial del cine y la pintura. En su trabajo se puede ver referencias est\u00e9ticas y simb\u00f3licas a toda [&hellip;]<\/p>\n","protected":false},"author":1,"featured_media":0,"parent":0,"menu_order":0,"comment_status":"closed","ping_status":"closed","template":"","meta":{"footnotes":""},"_links":{"self":[{"href":"https:\/\/paularuizaramburu.xyz\/index.php?rest_route=\/wp\/v2\/pages\/37"}],"collection":[{"href":"https:\/\/paularuizaramburu.xyz\/index.php?rest_route=\/wp\/v2\/pages"}],"about":[{"href":"https:\/\/paularuizaramburu.xyz\/index.php?rest_route=\/wp\/v2\/types\/page"}],"author":[{"embeddable":true,"href":"https:\/\/paularuizaramburu.xyz\/index.php?rest_route=\/wp\/v2\/users\/1"}],"replies":[{"embeddable":true,"href":"https:\/\/paularuizaramburu.xyz\/index.php?rest_route=%2Fwp%2Fv2%2Fcomments&post=37"}],"version-history":[{"count":62,"href":"https:\/\/paularuizaramburu.xyz\/index.php?rest_route=\/wp\/v2\/pages\/37\/revisions"}],"predecessor-version":[{"id":1243,"href":"https:\/\/paularuizaramburu.xyz\/index.php?rest_route=\/wp\/v2\/pages\/37\/revisions\/1243"}],"wp:attachment":[{"href":"https:\/\/paularuizaramburu.xyz\/index.php?rest_route=%2Fwp%2Fv2%2Fmedia&parent=37"}],"curies":[{"name":"wp","href":"https:\/\/api.w.org\/{rel}","templated":true}]}}